{"id":381,"date":"2024-05-29T18:46:12","date_gmt":"2024-05-29T18:46:12","guid":{"rendered":"https:\/\/www.caffe-bonomi.nl\/index.php\/product\/bonomi-macumba-koffiebonen-1000gr\/"},"modified":"2026-03-09T21:14:59","modified_gmt":"2026-03-09T20:14:59","slug":"bonomi-macumba-koffiebonen-1000gr","status":"publish","type":"product","link":"https:\/\/www.caffe-bonomi.nl\/index.php\/product\/bonomi-macumba-koffiebonen-1000gr\/","title":{"rendered":"Bonomi Macumba Koffiebonen 1000gr"},"content":{"rendered":"<h1 data-start=\"117\" data-end=\"163\"><strong data-start=\"119\" data-end=\"161\">Bonomi Macumba Koffiebonen \u2013 1000 gram<\/strong><\/h1>\n<p data-start=\"164\" data-end=\"254\"><em data-start=\"164\" data-end=\"252\">Perfecte Arabica-Robusta Blend | Tonen van Chocolade &amp; Amandelen | Italiaanse Espresso<\/em><\/p>\n<p data-start=\"256\" data-end=\"622\">De <strong data-start=\"259\" data-end=\"289\">Bonomi Macumba Koffiebonen<\/strong> zijn een zorgvuldig samengestelde blend van <strong data-start=\"334\" data-end=\"362\">Arabica en Robusta bonen<\/strong>, afkomstig uit de beste koffieregio\u2019s van <strong data-start=\"405\" data-end=\"442\">Midden-Amerika, India en Colombia<\/strong>. Ge\u00efnspireerd door de eeuwenoude Afrikaanse magische rituelen die in de 19e eeuw naar Rio de Janeiro kwamen, biedt deze melange een <strong data-start=\"575\" data-end=\"619\">perfecte balans tussen kracht en finesse<\/strong>.<\/p>\n<p data-start=\"624\" data-end=\"855\">De harmonie tussen <strong data-start=\"643\" data-end=\"665\">Arabica en Robusta<\/strong> zorgt voor een volle body en een intense smaak, ideaal voor een <strong data-start=\"730\" data-end=\"751\">perfecte espresso<\/strong>. Geniet van een rijke en uitgebalanceerde koffie met herkenbare <strong data-start=\"816\" data-end=\"852\">tonen van chocolade en amandelen<\/strong>.<\/p>\n<h2 data-start=\"857\" data-end=\"912\"><strong data-start=\"860\" data-end=\"910\">Waarom kiezen voor Bonomi Macumba Koffiebonen?<\/strong><\/h2>\n<p data-start=\"913\" data-end=\"1317\">\u2714 <strong data-start=\"915\" data-end=\"942\">Arabica &amp; Robusta blend<\/strong> \u2013 Perfecte balans tussen zachtheid en kracht.<br data-start=\"988\" data-end=\"991\" \/>\u2714 <strong data-start=\"993\" data-end=\"1020\">Rijke en complexe smaak<\/strong> \u2013 Tonen van chocolade en amandelen.<br data-start=\"1056\" data-end=\"1059\" \/>\u2714 <strong data-start=\"1061\" data-end=\"1093\">Volle body &amp; intense afdronk<\/strong> \u2013 Ideaal voor espresso en cappuccino.<br data-start=\"1131\" data-end=\"1134\" \/>\u2714 <strong data-start=\"1136\" data-end=\"1166\">Hoogwaardige bonenselectie<\/strong> \u2013 Afkomstig uit Midden-Amerika, India en Colombia.<br data-start=\"1217\" data-end=\"1220\" \/>\u2714 <strong data-start=\"1222\" data-end=\"1258\">Traditionele Italiaanse branding<\/strong> \u2013 Zorgt voor een uitgebalanceerde en aromatische koffie.<\/p>\n<h2 data-start=\"1319\" data-end=\"1366\"><strong data-start=\"1322\" data-end=\"1364\">Een blend met karakter en geschiedenis<\/strong><\/h2>\n<p data-start=\"1367\" data-end=\"1653\">De <strong data-start=\"1370\" data-end=\"1394\">Bonomi Macumba blend<\/strong> is perfect voor koffieliefhebbers die op zoek zijn naar een <strong data-start=\"1455\" data-end=\"1487\">stevige, smaakvolle espresso<\/strong> met een rijke crema en een complexe aroma. Dankzij de <strong data-start=\"1542\" data-end=\"1566\">zorgvuldige branding<\/strong> volgens de <strong data-start=\"1578\" data-end=\"1608\">Italiaanse koffietradities<\/strong> komt elke smaaknuance optimaal naar voren.<\/p>\n<p data-start=\"1655\" data-end=\"1844\"><strong data-start=\"1658\" data-end=\"1669\">Inhoud:<\/strong> 1000 gram koffiebonen<br data-start=\"1691\" data-end=\"1694\" \/><strong data-start=\"1696\" data-end=\"1714\">Geschikt voor:<\/strong> Espressomachines, volautomaten, filterkoffie en moka-potten<br data-start=\"1774\" data-end=\"1777\" \/><strong data-start=\"1780\" data-end=\"1791\">Let op:<\/strong> Hele bonen \u2013 zelf malen voor de perfecte maalgraad<\/p>\n<p data-start=\"1846\" data-end=\"1942\"><strong data-start=\"1848\" data-end=\"1940\">Ontdek de magie van Bonomi Macumba \u2013 een intense en evenwichtige Italiaanse koffieblend!<\/strong><\/p>\n<h3><a href=\"https:\/\/www.caffe-bonomi.nl\/\">Bonomi Koffie<\/a><br \/>\nEen Traditie van Perfectie uit Milaan sinds 1886<\/h3>\n<p><strong>Federico Bonomi<\/strong>, de oprichter van een Milanese supermarkt, opende in <strong>1886<\/strong> de Bonomi koffiebranderij in het historische Conca del Naviglio, in het hart van Milaan. Vanaf het begin werd er gestreefd naar het cre\u00ebren van de beste koffiemelanges, met zorgvuldige selectie van de meest verfijnde koffiebonen. Elk aspect van de koffiebonen wordt gecontroleerd, van vochtigheid tot kleur en grootte, om de perfecte smaakbalans te garanderen.<\/p>\n<p>Met <strong>meer dan een eeuw aan ervaring<\/strong> blijven wij trouw aan de traditie, geleid door respect voor ons vakmanschap en geschiedenis. Elke kop koffie weerspiegelt de essentie van Italiaanse perfectie, een geheim dat wordt gekoesterd door enkele van de meest prestigieuze locaties in Itali\u00eb, zoals <strong>Caff\u00e8 Florian in Veneti\u00eb<\/strong>, de oudste koffiebar van Itali\u00eb, en de iconische <strong>Pasticceria Marchesi Prada<\/strong> in Milaan.<\/p>\n<p><strong>Wij garanderen de kwaliteit van onze producten, de essentie van ons merk.<\/strong><br \/>\n\u200bVoor de creatie van onze melanges selecteren wij de beste batches koffie. We testen de organoleptische eigenschappen, vochtigheid, kleur en grootte. We proeven en analyseren de aroma\u2019s om Bonomi koffie blend van hoge kwaliteit te verkrijgen.<\/p>\n<p><a href=\"https:\/\/www.caffe-bonomi.nl\/\"><strong>Bonomi koffie<\/strong><\/a> is meer dan gewoon een kopje koffie; het is een verfijnde ervaring, gekozen door kenners en fijnproevers wereldwijd.<\/p>\n<p>&nbsp;<\/p>\n<p><iframe loading=\"lazy\" title=\"1886 Caffe Bonomi\" width=\"1100\" height=\"619\" src=\"https:\/\/www.youtube.com\/embed\/LLO9j0KDqOU?feature=oembed\" frameborder=\"0\" allow=\"accelerometer; autoplay; clipboard-write; encrypted-media; gyroscope; picture-in-picture; web-share\" referrerpolicy=\"strict-origin-when-cross-origin\" allowfullscreen><\/iframe><\/p>\n<p>&nbsp;<\/p>\n<p>&nbsp;<\/p>\n","protected":false},"excerpt":{"rendered":"<p>De <strong data-start=\"259\" data-end=\"289\">Bonomi Macumba Koffiebonen<\/strong> zijn een zorgvuldig samengestelde blend van <strong data-start=\"334\" data-end=\"362\">Arabica en Robusta bonen<\/strong>, afkomstig uit de beste koffieregio\u2019s van <strong data-start=\"405\" data-end=\"442\">Midden-Amerika, India en Colombia<\/strong>. Ge\u00efnspireerd door de eeuwenoude Afrikaanse magische rituelen die in de 19e eeuw naar Rio de Janeiro kwamen, biedt deze melange een <strong data-start=\"575\" data-end=\"619\">perfecte balans tussen kracht en finesse<\/strong>.<\/p>\n","protected":false},"featured_media":380,"comment_status":"open","ping_status":"closed","template":"","meta":[],"product_brand":[],"product_cat":[231,20,21],"product_tag":[53,22,24,26,27,54,28,55,56,57,29,30,58,59,60,61,62,63,64],"class_list":{"0":"post-381","1":"product","2":"type-product","3":"status-publish","4":"has-post-thumbnail","6":"product_cat-onze-merken-bonomi-koffie","7":"product_cat-koffie","8":"product_cat-koffiebonen","9":"product_tag-1886-caffe-bonomi","10":"product_tag-1886bonomi","11":"product_tag-bonomi","12":"product_tag-bonomi-koffie","13":"product_tag-bonomi-koffiebonen","14":"product_tag-bonomi-macumba","15":"product_tag-caffe-bonomi","16":"product_tag-echte-italiaanse-koffie","17":"product_tag-espresso-koffiebonen","18":"product_tag-italiaanse-koffie","19":"product_tag-koffie","20":"product_tag-koffiebonen","21":"product_tag-koffiebonen-kopen","22":"product_tag-koffiebranderij-milaan-authentieke-italiaanse-koffie","23":"product_tag-macumba","24":"product_tag-milanese-koffie","25":"product_tag-milanese-koffiebranderij","26":"product_tag-mucumba-koffiebonen","27":"product_tag-premium-koffie","28":"product_shipping_class-pakket","30":"first","31":"instock","32":"taxable","33":"shipping-taxable","34":"purchasable","35":"product-type-simple"},"yoast_head":"<!-- This site is optimized with the Yoast SEO plugin v27.4 - https:\/\/yoast.com\/product\/yoast-seo-wordpress\/ -->\n<title>Bonomi Macumba Koffiebonen 1000gr | Bonomi Koffie<\/title>\n<meta name=\"description\" content=\"De Bonomi Macumba Koffiebonen zijn een zorgvuldig samengestelde blend van Arabica en Robusta bonen, afkomstig uit de beste koffieregio\u2019s van Midden-Amerika\" \/>\n<meta name=\"robots\" content=\"index, follow, max-snippet:-1, max-image-preview:large, max-video-preview:-1\" \/>\n<link rel=\"canonical\" href=\"https:\/\/www.caffe-bonomi.nl\/index.php\/product\/bonomi-macumba-koffiebonen-1000gr\/\" \/>\n<meta property=\"og:locale\" content=\"nl_NL\" \/>\n<meta property=\"og:type\" content=\"article\" \/>\n<meta property=\"og:title\" content=\"Bonomi Macumba Koffiebonen 1000gr | Bonomi Koffie\" \/>\n<meta property=\"og:description\" content=\"De Bonomi Macumba Koffiebonen zijn een zorgvuldig samengestelde blend van Arabica en Robusta bonen, afkomstig uit de beste koffieregio\u2019s van Midden-Amerika\" \/>\n<meta property=\"og:url\" content=\"https:\/\/www.caffe-bonomi.nl\/index.php\/product\/bonomi-macumba-koffiebonen-1000gr\/\" \/>\n<meta property=\"og:site_name\" content=\"Bonomi Koffie Nederland\" \/>\n<meta property=\"article:modified_time\" content=\"2026-03-09T20:14:59+00:00\" \/>\n<meta property=\"og:image\" content=\"http:\/\/www.caffe-bonomi.nl\/wp-content\/uploads\/2024\/05\/Bonomi-Macumba-Koffiebonen-1000gr-1.jpg\" \/>\n\t<meta property=\"og:image:width\" content=\"500\" \/>\n\t<meta property=\"og:image:height\" content=\"500\" \/>\n\t<meta property=\"og:image:type\" content=\"image\/jpeg\" \/>\n<meta name=\"twitter:card\" content=\"summary_large_image\" \/>\n<meta name=\"twitter:label1\" content=\"Geschatte leestijd\" \/>\n\t<meta name=\"twitter:data1\" content=\"3 minuten\" \/>\n<script type=\"application\/ld+json\" class=\"yoast-schema-graph\">{\"@context\":\"https:\\\/\\\/schema.org\",\"@graph\":[{\"@type\":\"WebPage\",\"@id\":\"https:\\\/\\\/www.caffe-bonomi.nl\\\/index.php\\\/product\\\/bonomi-macumba-koffiebonen-1000gr\\\/\",\"url\":\"https:\\\/\\\/www.caffe-bonomi.nl\\\/index.php\\\/product\\\/bonomi-macumba-koffiebonen-1000gr\\\/\",\"name\":\"Bonomi Macumba Koffiebonen 1000gr | Bonomi Koffie\",\"isPartOf\":{\"@id\":\"https:\\\/\\\/www.caffe-bonomi.nl\\\/#website\"},\"primaryImageOfPage\":{\"@id\":\"https:\\\/\\\/www.caffe-bonomi.nl\\\/index.php\\\/product\\\/bonomi-macumba-koffiebonen-1000gr\\\/#primaryimage\"},\"image\":{\"@id\":\"https:\\\/\\\/www.caffe-bonomi.nl\\\/index.php\\\/product\\\/bonomi-macumba-koffiebonen-1000gr\\\/#primaryimage\"},\"thumbnailUrl\":\"https:\\\/\\\/www.caffe-bonomi.nl\\\/wp-content\\\/uploads\\\/2024\\\/05\\\/Bonomi-Macumba-Koffiebonen-1000gr-1.jpg\",\"datePublished\":\"2024-05-29T18:46:12+00:00\",\"dateModified\":\"2026-03-09T20:14:59+00:00\",\"description\":\"De Bonomi Macumba Koffiebonen zijn een zorgvuldig samengestelde blend van Arabica en Robusta bonen, afkomstig uit de beste koffieregio\u2019s van Midden-Amerika\",\"breadcrumb\":{\"@id\":\"https:\\\/\\\/www.caffe-bonomi.nl\\\/index.php\\\/product\\\/bonomi-macumba-koffiebonen-1000gr\\\/#breadcrumb\"},\"inLanguage\":\"nl-NL\",\"potentialAction\":[{\"@type\":\"ReadAction\",\"target\":[\"https:\\\/\\\/www.caffe-bonomi.nl\\\/index.php\\\/product\\\/bonomi-macumba-koffiebonen-1000gr\\\/\"]}]},{\"@type\":\"ImageObject\",\"inLanguage\":\"nl-NL\",\"@id\":\"https:\\\/\\\/www.caffe-bonomi.nl\\\/index.php\\\/product\\\/bonomi-macumba-koffiebonen-1000gr\\\/#primaryimage\",\"url\":\"https:\\\/\\\/www.caffe-bonomi.nl\\\/wp-content\\\/uploads\\\/2024\\\/05\\\/Bonomi-Macumba-Koffiebonen-1000gr-1.jpg\",\"contentUrl\":\"https:\\\/\\\/www.caffe-bonomi.nl\\\/wp-content\\\/uploads\\\/2024\\\/05\\\/Bonomi-Macumba-Koffiebonen-1000gr-1.jpg\",\"width\":500,\"height\":500,\"caption\":\"Bonomi Macumba Koffiebonen\"},{\"@type\":\"BreadcrumbList\",\"@id\":\"https:\\\/\\\/www.caffe-bonomi.nl\\\/index.php\\\/product\\\/bonomi-macumba-koffiebonen-1000gr\\\/#breadcrumb\",\"itemListElement\":[{\"@type\":\"ListItem\",\"position\":1,\"name\":\"Home\",\"item\":\"https:\\\/\\\/www.caffe-bonomi.nl\\\/\"},{\"@type\":\"ListItem\",\"position\":2,\"name\":\"Winkel\",\"item\":\"https:\\\/\\\/www.caffe-bonomi.nl\\\/index.php\\\/winkel\\\/\"},{\"@type\":\"ListItem\",\"position\":3,\"name\":\"Bonomi Macumba Koffiebonen 1000gr\"}]},{\"@type\":\"WebSite\",\"@id\":\"https:\\\/\\\/www.caffe-bonomi.nl\\\/#website\",\"url\":\"https:\\\/\\\/www.caffe-bonomi.nl\\\/\",\"name\":\"Bonomi Koffie Nederland\",\"description\":\"1886Bonomi Il Caff&egrave; di Milano\",\"publisher\":{\"@id\":\"https:\\\/\\\/www.caffe-bonomi.nl\\\/#organization\"},\"potentialAction\":[{\"@type\":\"SearchAction\",\"target\":{\"@type\":\"EntryPoint\",\"urlTemplate\":\"https:\\\/\\\/www.caffe-bonomi.nl\\\/?s={search_term_string}\"},\"query-input\":{\"@type\":\"PropertyValueSpecification\",\"valueRequired\":true,\"valueName\":\"search_term_string\"}}],\"inLanguage\":\"nl-NL\"},{\"@type\":\"Organization\",\"@id\":\"https:\\\/\\\/www.caffe-bonomi.nl\\\/#organization\",\"name\":\"Bonomi Koffie Nederland\",\"url\":\"https:\\\/\\\/www.caffe-bonomi.nl\\\/\",\"logo\":{\"@type\":\"ImageObject\",\"inLanguage\":\"nl-NL\",\"@id\":\"https:\\\/\\\/www.caffe-bonomi.nl\\\/#\\\/schema\\\/logo\\\/image\\\/\",\"url\":\"https:\\\/\\\/www.caffe-bonomi.nl\\\/wp-content\\\/uploads\\\/2024\\\/05\\\/images.png\",\"contentUrl\":\"https:\\\/\\\/www.caffe-bonomi.nl\\\/wp-content\\\/uploads\\\/2024\\\/05\\\/images.png\",\"width\":224,\"height\":225,\"caption\":\"Bonomi Koffie Nederland\"},\"image\":{\"@id\":\"https:\\\/\\\/www.caffe-bonomi.nl\\\/#\\\/schema\\\/logo\\\/image\\\/\"},\"sameAs\":[\"https:\\\/\\\/www.instagram.com\\\/caffebonomi_nl\\\/\"]}]}<\/script>\n<!-- \/ Yoast SEO plugin. -->","yoast_head_json":{"title":"Bonomi Macumba Koffiebonen 1000gr | Bonomi Koffie","description":"De Bonomi Macumba Koffiebonen zijn een zorgvuldig samengestelde blend van Arabica en Robusta bonen, afkomstig uit de beste koffieregio\u2019s van Midden-Amerika","robots":{"index":"index","follow":"follow","max-snippet":"max-snippet:-1","max-image-preview":"max-image-preview:large","max-video-preview":"max-video-preview:-1"},"canonical":"https:\/\/www.caffe-bonomi.nl\/index.php\/product\/bonomi-macumba-koffiebonen-1000gr\/","og_locale":"nl_NL","og_type":"article","og_title":"Bonomi Macumba Koffiebonen 1000gr | Bonomi Koffie","og_description":"De Bonomi Macumba Koffiebonen zijn een zorgvuldig samengestelde blend van Arabica en Robusta bonen, afkomstig uit de beste koffieregio\u2019s van Midden-Amerika","og_url":"https:\/\/www.caffe-bonomi.nl\/index.php\/product\/bonomi-macumba-koffiebonen-1000gr\/","og_site_name":"Bonomi Koffie Nederland","article_modified_time":"2026-03-09T20:14:59+00:00","og_image":[{"width":500,"height":500,"url":"http:\/\/www.caffe-bonomi.nl\/wp-content\/uploads\/2024\/05\/Bonomi-Macumba-Koffiebonen-1000gr-1.jpg","type":"image\/jpeg"}],"twitter_card":"summary_large_image","twitter_misc":{"Geschatte leestijd":"3 minuten"},"schema":{"@context":"https:\/\/schema.org","@graph":[{"@type":"WebPage","@id":"https:\/\/www.caffe-bonomi.nl\/index.php\/product\/bonomi-macumba-koffiebonen-1000gr\/","url":"https:\/\/www.caffe-bonomi.nl\/index.php\/product\/bonomi-macumba-koffiebonen-1000gr\/","name":"Bonomi Macumba Koffiebonen 1000gr | Bonomi Koffie","isPartOf":{"@id":"https:\/\/www.caffe-bonomi.nl\/#website"},"primaryImageOfPage":{"@id":"https:\/\/www.caffe-bonomi.nl\/index.php\/product\/bonomi-macumba-koffiebonen-1000gr\/#primaryimage"},"image":{"@id":"https:\/\/www.caffe-bonomi.nl\/index.php\/product\/bonomi-macumba-koffiebonen-1000gr\/#primaryimage"},"thumbnailUrl":"https:\/\/www.caffe-bonomi.nl\/wp-content\/uploads\/2024\/05\/Bonomi-Macumba-Koffiebonen-1000gr-1.jpg","datePublished":"2024-05-29T18:46:12+00:00","dateModified":"2026-03-09T20:14:59+00:00","description":"De Bonomi Macumba Koffiebonen zijn een zorgvuldig samengestelde blend van Arabica en Robusta bonen, afkomstig uit de beste koffieregio\u2019s van Midden-Amerika","breadcrumb":{"@id":"https:\/\/www.caffe-bonomi.nl\/index.php\/product\/bonomi-macumba-koffiebonen-1000gr\/#breadcrumb"},"inLanguage":"nl-NL","potentialAction":[{"@type":"ReadAction","target":["https:\/\/www.caffe-bonomi.nl\/index.php\/product\/bonomi-macumba-koffiebonen-1000gr\/"]}]},{"@type":"ImageObject","inLanguage":"nl-NL","@id":"https:\/\/www.caffe-bonomi.nl\/index.php\/product\/bonomi-macumba-koffiebonen-1000gr\/#primaryimage","url":"https:\/\/www.caffe-bonomi.nl\/wp-content\/uploads\/2024\/05\/Bonomi-Macumba-Koffiebonen-1000gr-1.jpg","contentUrl":"https:\/\/www.caffe-bonomi.nl\/wp-content\/uploads\/2024\/05\/Bonomi-Macumba-Koffiebonen-1000gr-1.jpg","width":500,"height":500,"caption":"Bonomi Macumba Koffiebonen"},{"@type":"BreadcrumbList","@id":"https:\/\/www.caffe-bonomi.nl\/index.php\/product\/bonomi-macumba-koffiebonen-1000gr\/#breadcrumb","itemListElement":[{"@type":"ListItem","position":1,"name":"Home","item":"https:\/\/www.caffe-bonomi.nl\/"},{"@type":"ListItem","position":2,"name":"Winkel","item":"https:\/\/www.caffe-bonomi.nl\/index.php\/winkel\/"},{"@type":"ListItem","position":3,"name":"Bonomi Macumba Koffiebonen 1000gr"}]},{"@type":"WebSite","@id":"https:\/\/www.caffe-bonomi.nl\/#website","url":"https:\/\/www.caffe-bonomi.nl\/","name":"Bonomi Koffie Nederland","description":"1886Bonomi Il Caff&egrave; di Milano","publisher":{"@id":"https:\/\/www.caffe-bonomi.nl\/#organization"},"potentialAction":[{"@type":"SearchAction","target":{"@type":"EntryPoint","urlTemplate":"https:\/\/www.caffe-bonomi.nl\/?s={search_term_string}"},"query-input":{"@type":"PropertyValueSpecification","valueRequired":true,"valueName":"search_term_string"}}],"inLanguage":"nl-NL"},{"@type":"Organization","@id":"https:\/\/www.caffe-bonomi.nl\/#organization","name":"Bonomi Koffie Nederland","url":"https:\/\/www.caffe-bonomi.nl\/","logo":{"@type":"ImageObject","inLanguage":"nl-NL","@id":"https:\/\/www.caffe-bonomi.nl\/#\/schema\/logo\/image\/","url":"https:\/\/www.caffe-bonomi.nl\/wp-content\/uploads\/2024\/05\/images.png","contentUrl":"https:\/\/www.caffe-bonomi.nl\/wp-content\/uploads\/2024\/05\/images.png","width":224,"height":225,"caption":"Bonomi Koffie Nederland"},"image":{"@id":"https:\/\/www.caffe-bonomi.nl\/#\/schema\/logo\/image\/"},"sameAs":["https:\/\/www.instagram.com\/caffebonomi_nl\/"]}]}},"_links":{"self":[{"href":"https:\/\/www.caffe-bonomi.nl\/index.php\/wp-json\/wp\/v2\/product\/381","targetHints":{"allow":["GET"]}}],"collection":[{"href":"https:\/\/www.caffe-bonomi.nl\/index.php\/wp-json\/wp\/v2\/product"}],"about":[{"href":"https:\/\/www.caffe-bonomi.nl\/index.php\/wp-json\/wp\/v2\/types\/product"}],"replies":[{"embeddable":true,"href":"https:\/\/www.caffe-bonomi.nl\/index.php\/wp-json\/wp\/v2\/comments?post=381"}],"wp:featuredmedia":[{"embeddable":true,"href":"https:\/\/www.caffe-bonomi.nl\/index.php\/wp-json\/wp\/v2\/media\/380"}],"wp:attachment":[{"href":"https:\/\/www.caffe-bonomi.nl\/index.php\/wp-json\/wp\/v2\/media?parent=381"}],"wp:term":[{"taxonomy":"product_brand","embeddable":true,"href":"https:\/\/www.caffe-bonomi.nl\/index.php\/wp-json\/wp\/v2\/product_brand?post=381"},{"taxonomy":"product_cat","embeddable":true,"href":"https:\/\/www.caffe-bonomi.nl\/index.php\/wp-json\/wp\/v2\/product_cat?post=381"},{"taxonomy":"product_tag","embeddable":true,"href":"https:\/\/www.caffe-bonomi.nl\/index.php\/wp-json\/wp\/v2\/product_tag?post=381"}],"curies":[{"name":"wp","href":"https:\/\/api.w.org\/{rel}","templated":true}]}}